{"id":724,"date":"2024-08-29T09:17:43","date_gmt":"2024-08-29T07:17:43","guid":{"rendered":"https:\/\/ses6.famnit.upr.si\/?page_id=724"},"modified":"2024-10-03T15:12:14","modified_gmt":"2024-10-03T13:12:14","slug":"committee","status":"publish","type":"page","link":"https:\/\/ses.famnit.upr.si\/en\/about\/committee\/","title":{"rendered":"Committee"},"content":{"rendered":"<p><strong>Scientific commitee<\/strong>:&nbsp;<\/p>\n\n\n\n<p>Al Vrezec&nbsp;<\/p>\n\n\n\n<p>Maarten de Groot&nbsp;<\/p>\n\n\n\n<p>Tomi Trilar&nbsp;<\/p>\n\n\n\n<p>Ur\u0161ka Ratajc&nbsp;<\/p>\n\n\n\n<p>Vladimir Ivovi\u0107&nbsp;<\/p>\n\n\n\n<p>Jaka Razinger<\/p>\n\n\n\n<p><strong>Organization committee<\/strong>:&nbsp;<\/p>\n\n\n\n<p>Katja Adam&nbsp;<\/p>\n\n\n\n<p>Martina Lu\u017enik&nbsp;<\/p>\n\n\n\n<p>Sara Zupan&nbsp;<\/p>\n\n\n\n<p>Jure Jugovic&nbsp;<\/p>\n\n\n\n<p>Nina Lon\u010darevi\u0107&nbsp;<\/p>\n\n\n\n<p>Kevin Re\u010dnik&nbsp;<\/p>\n\n\n\n<p>Vladimir Ivovi\u0107&nbsp;<\/p>\n\n\n\n<p><\/p>\n\n\n\n<p><strong>Technical advisors<\/strong>:&nbsp;<\/p>\n\n\n\n<p>Sarah Re\u0161i\u010d&nbsp;<\/p>\n\n\n\n<p>Vid Jerov\u0161ek&nbsp;<\/p>","protected":false},"excerpt":{"rendered":"<p>Scientific commitee:&nbsp; Al Vrezec&nbsp; Maarten de Groot&nbsp; Tomi Trilar&nbsp; Ur\u0161ka Ratajc&nbsp; Vladimir Ivovi\u0107&nbsp; Jaka Razinger Organization committee:&nbsp; Katja Adam&nbsp; Martina Lu\u017enik&nbsp; Sara Zupan&nbsp; Jure Jugovic&nbsp; Nina Lon\u010darevi\u0107&nbsp; Kevin Re\u010dnik&nbsp; Vladimir Ivovi\u0107&nbsp; Technical advisors:&nbsp; Sarah Re\u0161i\u010d&nbsp; Vid Jerov\u0161ek&nbsp;<\/p>","protected":false},"author":5,"featured_media":0,"parent":698,"menu_order":0,"comment_status":"closed","ping_status":"closed","template":"","meta":{"footnotes":""},"class_list":["post-724","page","type-page","status-publish","hentry"],"jetpack_sharing_enabled":true,"_links":{"self":[{"href":"https:\/\/ses.famnit.upr.si\/en\/wp-json\/wp\/v2\/pages\/724","targetHints":{"allow":["GET"]}}],"collection":[{"href":"https:\/\/ses.famnit.upr.si\/en\/wp-json\/wp\/v2\/pages"}],"about":[{"href":"https:\/\/ses.famnit.upr.si\/en\/wp-json\/wp\/v2\/types\/page"}],"author":[{"embeddable":true,"href":"https:\/\/ses.famnit.upr.si\/en\/wp-json\/wp\/v2\/users\/5"}],"replies":[{"embeddable":true,"href":"https:\/\/ses.famnit.upr.si\/en\/wp-json\/wp\/v2\/comments?post=724"}],"version-history":[{"count":3,"href":"https:\/\/ses.famnit.upr.si\/en\/wp-json\/wp\/v2\/pages\/724\/revisions"}],"predecessor-version":[{"id":985,"href":"https:\/\/ses.famnit.upr.si\/en\/wp-json\/wp\/v2\/pages\/724\/revisions\/985"}],"up":[{"embeddable":true,"href":"https:\/\/ses.famnit.upr.si\/en\/wp-json\/wp\/v2\/pages\/698"}],"wp:attachment":[{"href":"https:\/\/ses.famnit.upr.si\/en\/wp-json\/wp\/v2\/media?parent=724"}],"curies":[{"name":"wp","href":"https:\/\/api.w.org\/{rel}","templated":true}]}}